{"id":5523,"date":"2019-01-12T18:24:27","date_gmt":"2019-01-12T17:24:27","guid":{"rendered":"https:\/\/www.salbis.es\/?page_id=5523"},"modified":"2026-02-21T11:25:22","modified_gmt":"2026-02-21T10:25:22","slug":"about-us","status":"publish","type":"page","link":"https:\/\/www.salbis.es\/en\/about-us\/","title":{"rendered":"About us"},"content":{"rendered":"<div class=\"wpb-content-wrapper\"><p>[vc_row rt_row_background_width=&#8221;fullwidth&#8221; rt_row_content_width=&#8221;default&#8221; rt_row_style=&#8221;default-style&#8221; rt_row_height=&#8221;&#8221; rt_column_gaps=&#8221;&#8221; rt_row_shadows=&#8221;&#8221; rt_row_borders=&#8221;&#8221; rt_bg_effect=&#8221;classic&#8221; rt_bg_image_repeat=&#8221;repeat&#8221; rt_bg_size=&#8221;cover&#8221; rt_bg_position=&#8221;right top&#8221; rt_bg_attachment=&#8221;scroll&#8221; rt_bg_layer=&#8221;&#8221; rt_bg_video_format=&#8221;self-hosted&#8221;][vc_column rt_bg_effect=&#8221;classic&#8221; rt_bg_image_repeat=&#8221;repeat&#8221; rt_bg_size=&#8221;auto auto&#8221; rt_bg_position=&#8221;right top&#8221; rt_bg_attachment=&#8221;scroll&#8221;]<div class=\"rt-heading-wrapper style-4 rt-1927000\">\n\t\t\t\t\t\t<h2 class=\"rt-heading style-4\" >Research lines<\/h2>\n\t\t\t\t\t<\/div><div  class=\"rt-toggle  numbered\"><ol><li  class=\"\"><div class=\"toggle-head\"><div class=\"toggle-number\">1<\/div><div class=\"toggle-title\">Strategic health planning<\/div><\/div><div class=\"toggle-content\"><p>Advice on personnel policy, community welfare and healthy habits in society and vulnerable populations.<\/p>\n<\/div><\/li><li  class=\"\"><div class=\"toggle-head\"><div class=\"toggle-number\">2<\/div><div class=\"toggle-title\">Networks and health<\/div><\/div><div class=\"toggle-content\"><p>Advice, preparation of studies\/interventions and data evaluation.<\/p>\n<\/div><\/li><li  class=\"\"><div class=\"toggle-head\"><div class=\"toggle-number\">3<\/div><div class=\"toggle-title\">Mental health and emotions<\/div><\/div><div class=\"toggle-content\"><p>Advice, development of studies\/interventions, artificial intelligence and data evaluation.<\/p>\n<\/div><\/li><li  class=\"\"><div class=\"toggle-head\"><div class=\"toggle-number\">4<\/div><div class=\"toggle-title\">Mobility and movement<\/div><\/div><div class=\"toggle-content\"><p>Advice, development of studies\/interventions and data evaluation.<\/p>\n<\/div><\/li><li  class=\"\"><div class=\"toggle-head\"><div class=\"toggle-number\">5<\/div><div class=\"toggle-title\">Technological innovation and health<\/div><\/div><div class=\"toggle-content\"><p>Artificial intelligence, semantic web, data analytics, data mining, data curing, machine learning, web application development and other technological solutions for research in any scientific branch.<\/p>\n<\/div><\/li><li  class=\"\"><div class=\"toggle-head\"><div class=\"toggle-number\">6<\/div><div class=\"toggle-title\">Women's health throughout the life cycle<\/div><\/div><div class=\"toggle-content\"><p>Advice, development of studies\/interventions related with the woman throughout the life cycle.<\/p>\n<\/div><\/li><li  class=\"\"><div class=\"toggle-head\"><div class=\"toggle-number\">7<\/div><div class=\"toggle-title\">Therapeutic relationship in health services<\/div><\/div><div class=\"toggle-content\"><p>Advice, development of studies\/interventions for the improvement of the therapeutic relationship in health services.<\/p>\n<\/div><\/li><\/ol><\/div><div class=\"rt-heading-wrapper style-4 rt-9564688\">\n\t\t\t\t\t\t<h2 class=\"rt-heading style-4\" >Group keywords<\/h2>\n\t\t\t\t\t<\/div><div  class=\"rt-toggle  numbered\"><ol><li  class=\"\"><div class=\"toggle-head\"><div class=\"toggle-number\">1<\/div><div class=\"toggle-title\">MeSH o DeSC<\/div><\/div><div class=\"toggle-content\"><p>Health Care Economics and organizations<\/p>\n<p>Social Networks<\/p>\n<p>Social behavior<\/p>\n<p>Emotions<\/p>\n<p>Movement<\/p>\n<p>Health behavior<\/p>\n<p>Artificial Intelligence<\/p>\n<p>Semantic Web<\/p>\n<p>Data Science<\/p>\n<p>Social determinants of health<\/p>\n<\/div><\/li><li  class=\"\"><div class=\"toggle-head\"><div class=\"toggle-number\">2<\/div><div class=\"toggle-title\">Keywords<\/div><\/div><div class=\"toggle-content\"><p>Social networks<\/p>\n<p>Quality of life-welfare<\/p>\n<p>Emotional intelligence<\/p>\n<p>Sustainability<\/p>\n<p>Technological Innovation<\/p>\n<p>Mobility-movement<\/p>\n<p>Human development<\/p>\n<p>Semantic models<\/p>\n<p>Artificial Intelligence<\/p>\n<p>Knowledge Engineering<\/p>\n<p>Internet of Things<\/p>\n<p>Health<\/p>\n<p>Complex health interventions<\/p>\n<p>Social environment<\/p>\n<p>Social mechanisms<\/p>\n<p>Perception of health<\/p>\n<\/div><\/li><li  class=\"\"><div class=\"toggle-head\"><div class=\"toggle-number\">3<\/div><div class=\"toggle-title\">ANEP AREAS<\/div><\/div><div class=\"toggle-content\"><p>Computer Science and Information Technology Area INF.<br \/>\nSub-areas<br \/>\n&#8211; Information Management<br \/>\n&#8211; Intelligent systems<br \/>\n&#8211; Computer Science<br \/>\nSocial Sciences Area. CS. Page 5<br \/>\nSub-areas<br \/>\n&#8211; Sociology<br \/>\n&#8211; Social research techniques<br \/>\nMultidisciplinary MUL. Area of Clinical Medicine and Epidemiology<br \/>\nSub-areas<br \/>\n&#8211; Epidemiology<br \/>\n&#8211; Health Services<br \/>\nArea of Psychology.<br \/>\n&#8211; Social Psychology<br \/>\n&#8211; Personality<\/p>\n<\/div><\/li><li  class=\"\"><div class=\"toggle-head\"><div class=\"toggle-number\">4<\/div><div class=\"toggle-title\">Scientific and technical classification<\/div><\/div><div class=\"toggle-content\"><p><strong>A-biology, medicine<\/strong><br \/>\nA05-Anthropology<br \/>\nA15-Community medicine<br \/>\nA21-Health Economics<br \/>\nA30-NUTRITION<br \/>\nA35-Psychiatry, psychology<\/p>\n<p><strong>D-Information Technology Telecommunications<\/strong><br \/>\nD01-Artificial Intelligence<br \/>\nD09 Expert systems<br \/>\nD14 Information processing<br \/>\nD18-Knowledge engineering and knowledge-based systems<\/p>\n<p><strong>S-Social Sciences<\/strong><br \/>\nS40-Sociology<br \/>\nS41-Culture and Socialization<br \/>\nS43-Social Structure and Change<br \/>\nS44-Social problemsS-45 CONSUMPTION AND WELL-BEING<br \/>\nS60-Education<br \/>\nS70-Psychology<\/p>\n<\/div><\/li><li  class=\"\"><div class=\"toggle-head\"><div class=\"toggle-number\">5<\/div><div class=\"toggle-title\">CNAE<\/div><\/div><div class=\"toggle-content\"><p>n.e.c.: not elsewhere classified<\/p>\n<p>62 Programming, consulting and other computer-related activities.<br \/>\n72 Research and development.<br \/>\n74.9. n.e.c. Other professional, scientific and technical activities<br \/>\n80.30. research activities.<br \/>\n85.43. University education.<br \/>\n86.10. hospital activity.<br \/>\n86.90. other health care activities.<\/p>\n<\/div><\/li><li  class=\"\"><div class=\"toggle-head\"><div class=\"toggle-number\">6<\/div><div class=\"toggle-title\">NABS codes Socio-economic objectives<\/div><\/div><div class=\"toggle-content\"><p>07.0. Protecting and improving human health<br \/>\n13.2. R&amp;D in relation to engineering<br \/>\n13.5. Social science R&amp;D<br \/>\n13.6. R&amp;D in relation to the human sciences<\/p>\n<\/div><\/li><li  class=\"\"><div class=\"toggle-head\"><div class=\"toggle-number\">7<\/div><div class=\"toggle-title\">Descriptors<\/div><\/div><div class=\"toggle-content\"><p>ULE 11672-Risk activities<br \/>\n183 addiction<br \/>\n523 Qualitative analysis<br \/>\n524 Quantitative analysis<br \/>\nULE 1447 Quality of life<br \/>\n3770 Physical education and health<br \/>\n3798 Social education<br \/>\n1007 semantics<br \/>\n2124 competences<br \/>\n2253 community<br \/>\n3820 efficiency of public spending<br \/>\n3932 emotions<br \/>\n3982 illness<br \/>\n3092 development<br \/>\n3640 human ecology<br \/>\n5523 groups<br \/>\n6083 information<br \/>\n6435 research and development<br \/>\n4008 nursing<br \/>\nULE 11735 organizations<br \/>\n8539 people with problems<br \/>\n9553 networks<br \/>\n9666 relations<br \/>\n9984 health<br \/>\n10006 health<br \/>\n10556 sustainability<br \/>\n836 AUTOMATIC LEARNING 6103 MEDICAL INFORMATICS<br \/>\n6133 KNOWLEDGE ENGINEERING10357 KNOWLEDGE-BASED SYSTEMS<br \/>\n6300 ARTIFICIAL INTELLIGENCE<br \/>\n10107 SEMANTICA SEMANTICS Page 273<br \/>\n211 DATA ACQUISITION<br \/>\n10368 DATA ANALYSIS SYSTEMS<br \/>\n10369 DECISION SUPPORT SYSTEMS 10418 EXPERT SYSTEMS<\/p>\n<\/div><\/li><li  class=\"\"><div class=\"toggle-head\"><div class=\"toggle-number\">8<\/div><div class=\"toggle-title\">UNESCO<\/div><\/div><div class=\"toggle-content\"><p>2411 Human physiology<br \/>\n3202 Epidemiology<br \/>\n320403. Professional health<br \/>\n321200 public health<br \/>\n321311 physiotherapy<br \/>\n6414 Social Psychology<br \/>\n610905 behaviour in the organisation<br \/>\n6114003 collective behaviour<br \/>\n611412 leadership<br \/>\n611416 role theory<br \/>\n610907 performance assessment<br \/>\n610308 rehabilitation<br \/>\n610603 emotion<br \/>\n6301Cultural Sociology<br \/>\n631000 social problems<br \/>\n6309 Social groups<br \/>\n631009 quality of life<br \/>\n630304 sociography<br \/>\n120304 artificial intelligence<br \/>\n120312 data banks<br \/>\n120317 computer science<br \/>\n120318 information systems, component design<\/p>\n<\/div><\/li><li  class=\"\"><div class=\"toggle-head\"><div class=\"toggle-number\">9<\/div><div class=\"toggle-title\">C\u00f3digos de \u00e1reas tecnol\u00f3gicas<\/div><\/div><div class=\"toggle-content\"><p><strong>Biology &#8211; Medicine<\/strong><br \/>\nA15-Community Medicine<br \/>\nA21-Economy of Health<br \/>\nA31-OCCUPATIONAL HEALTH<br \/>\nA34-Physiology<br \/>\nA35-Psychiatry, Psychology<\/p>\n<p><strong> Information Technology, Telecommunications<\/strong><br \/>\nD01-Artificial Intelligence<br \/>\nD09 Expert systems<br \/>\nD12 Acquisition of information<br \/>\nD13 Information analysis<br \/>\nD14 Information processing<br \/>\nD18-Knowledge engineering and knowledge-based systems<\/p>\n<p><strong>Social Sciences<\/strong><br \/>\nS40-Sociology<br \/>\nS41-Culture and Socialization<br \/>\nS42-Population and demographic change<br \/>\nS43-Social Structure and Change<br \/>\nS44 Social problems<br \/>\nS45-Consumption and well-being<\/p>\n<\/div><\/li><\/ol><\/div>[\/vc_column][\/vc_row]<\/p>\n<\/div>","protected":false},"excerpt":{"rendered":"<p>[vc_row rt_row_background_width=&#8221;fullwidth&#8221; rt_row_content_width=&#8221;default&#8221; rt_row_style=&#8221;default-style&#8221; rt_row_height=&#8221;&#8221; rt_column_gaps=&#8221;&#8221; rt_row_shadows=&#8221;&#8221; rt_row_borders=&#8221;&#8221; rt_bg_effect=&#8221;classic&#8221; rt_bg_image_repeat=&#8221;repeat&#8221; rt_bg_size=&#8221;cover&#8221; rt_bg_position=&#8221;right top&#8221; rt_bg_attachment=&#8221;scroll&#8221; rt_bg_layer=&#8221;&#8221; rt_bg_video_format=&#8221;self-hosted&#8221;][vc_column rt_bg_effect=&#8221;classic&#8221; rt_bg_image_repeat=&#8221;repeat&#8221; rt_bg_size=&#8221;auto auto&#8221; rt_bg_position=&#8221;right top&#8221; rt_bg_attachment=&#8221;scroll&#8221;][\/vc_column][\/vc_row]<\/p>\n","protected":false},"author":1,"featured_media":0,"parent":0,"menu_order":0,"comment_status":"closed","ping_status":"closed","template":"","meta":{"footnotes":""},"class_list":["post-5523","page","type-page","status-publish","hentry"],"aioseo_notices":[],"_links":{"self":[{"href":"https:\/\/www.salbis.es\/en\/wp-json\/wp\/v2\/pages\/5523","targetHints":{"allow":["GET"]}}],"collection":[{"href":"https:\/\/www.salbis.es\/en\/wp-json\/wp\/v2\/pages"}],"about":[{"href":"https:\/\/www.salbis.es\/en\/wp-json\/wp\/v2\/types\/page"}],"author":[{"embeddable":true,"href":"https:\/\/www.salbis.es\/en\/wp-json\/wp\/v2\/users\/1"}],"replies":[{"embeddable":true,"href":"https:\/\/www.salbis.es\/en\/wp-json\/wp\/v2\/comments?post=5523"}],"version-history":[{"count":13,"href":"https:\/\/www.salbis.es\/en\/wp-json\/wp\/v2\/pages\/5523\/revisions"}],"predecessor-version":[{"id":8835,"href":"https:\/\/www.salbis.es\/en\/wp-json\/wp\/v2\/pages\/5523\/revisions\/8835"}],"wp:attachment":[{"href":"https:\/\/www.salbis.es\/en\/wp-json\/wp\/v2\/media?parent=5523"}],"curies":[{"name":"wp","href":"https:\/\/api.w.org\/{rel}","templated":true}]}}